{"id":225522,"date":"2022-01-20T10:13:52","date_gmt":"2022-01-20T09:13:52","guid":{"rendered":"http:\/\/notarisklerken-basochebe.webhosting.be\/cookies\/"},"modified":"2022-07-14T09:01:50","modified_gmt":"2022-07-14T08:01:50","slug":"cookies","status":"publish","type":"page","link":"https:\/\/notarisklerken-basoche.be\/fr\/cookies\/","title":{"rendered":"Cookies"},"content":{"rendered":"<p>[et_pb_section fb_built=&#8221;1&#8243; _builder_version=&#8221;4.16&#8243; background_color=&#8221;RGBA(255,255,255,0)&#8221; custom_margin=&#8221;120px||120px||false|false&#8221; custom_margin_tablet=&#8221;50px||50px||false|false&#8221; custom_margin_phone=&#8221;50px||50px||true|false&#8221; custom_margin_last_edited=&#8221;on|phone&#8221; custom_padding=&#8221;0px||0px||true|false&#8221; global_colors_info=&#8221;{}&#8221;][et_pb_row _builder_version=&#8221;4.16&#8243; _module_preset=&#8221;default&#8221; custom_margin=&#8221;0px||0px||false|false&#8221; custom_padding=&#8221;0px||0px||false|false&#8221; global_colors_info=&#8221;{}&#8221;][et_pb_column type=&#8221;4_4&#8243; _builder_version=&#8221;4.16&#8243; _module_preset=&#8221;default&#8221; global_colors_info=&#8221;{}&#8221;][et_pb_text _builder_version=&#8221;4.16&#8243; _module_preset=&#8221;default&#8221; header_font=&#8221;|300|||||||&#8221; header_text_color=&#8221;#4794A2&#8243; global_colors_info=&#8221;{}&#8221;]<\/p>\n<h1>Cookies<\/h1>\n<p>[\/et_pb_text][\/et_pb_column][\/et_pb_row][et_pb_row custom_padding_last_edited=&#8221;on|tablet&#8221; _builder_version=&#8221;4.16&#8243; background_color=&#8221;#FFFFFF&#8221; background_size=&#8221;initial&#8221; background_position=&#8221;top_left&#8221; background_repeat=&#8221;repeat&#8221; custom_margin=&#8221;0px||0px||false|false&#8221; custom_padding=&#8221;50px|50px|50px|50px|false|false&#8221; custom_padding_tablet=&#8221;30px|30px|3px|30px|false|false&#8221; custom_padding_phone=&#8221;30px|30px|30px|30px|false|false&#8221; box_shadow_style=&#8221;preset1&#8243; box_shadow_vertical=&#8221;0px&#8221; box_shadow_blur=&#8221;70px&#8221; box_shadow_color=&#8221;rgba(0,0,0,0.14)&#8221; global_colors_info=&#8221;{}&#8221;][et_pb_column type=&#8221;4_4&#8243; _builder_version=&#8221;4.16&#8243; custom_padding=&#8221;|||&#8221; global_colors_info=&#8221;{}&#8221; custom_padding__hover=&#8221;|||&#8221;][et_pb_text _builder_version=&#8221;4.17.3&#8243; text_font=&#8221;|300|||||||&#8221; background_size=&#8221;initial&#8221; background_position=&#8221;top_left&#8221; background_repeat=&#8221;repeat&#8221; hover_enabled=&#8221;0&#8243; global_colors_info=&#8221;{}&#8221; sticky_enabled=&#8221;0&#8243;]<\/p>\n<p><strong>Que sont les cookies et pourquoi Notaryklerken &#8211; Basoche les utilise-t-il ?<\/strong><\/p>\n<p>Le site web des clercs de notaire &#8211; Basoche utilise des cookies. Il s&#8217;agit de petits fichiers texte que votre ordinateur stocke lorsque vous utilisez notre site web. Ils cartographient, entre autres, des informations sur votre type de navigateur, votre syst\u00e8me d&#8217;exploitation, votre localisation g\u00e9ographique, la visite de sites web et vos pr\u00e9f\u00e9rences personnelles.<\/p>\n<p><strong>Pourquoi utilisons-nous des cookies ?<\/strong><\/p>\n<p>En utilisant des cookies, nous pouvons vous offrir la meilleure exp\u00e9rience utilisateur possible. Gr\u00e2ce aux cookies, nous le pouvons :<\/p>\n<p>Optimiser en permanence notre site web ;<br \/>M\u00e9moriser vos pr\u00e9f\u00e9rences afin que vous ne deviez pas saisir ou t\u00e9l\u00e9charger les m\u00eames informations chaque fois que vous utilisez notre site web ;<br \/>Am\u00e9liorer la s\u00e9curit\u00e9 et la rapidit\u00e9 de notre site web ;<br \/>Rendre notre marketing plus efficace, afin que nous puissions vous offrir un meilleur service.<br \/>Collecte de donn\u00e9es d&#8217;utilisation anonymes.<\/p>\n<p><strong>A quoi ne servent pas les cookies ?<\/strong><\/p>\n<p>Nous n&#8217;utilisons les informations que nous recueillons qu&#8217;au sein de Notary Clerks &#8211; Basoche. Nous ne transmettons pas vos donn\u00e9es \u00e0 des tiers. En outre, tout est trait\u00e9 de mani\u00e8re anonyme.<\/p>\n<p>&nbsp;<\/p>\n<p><strong>Quels sont les types de cookies et \u00e0 quoi servent-ils ?<\/strong><\/p>\n<p>Nous pouvons diviser les cookies que nous utilisons en quatre cat\u00e9gories :<\/p>\n<p><strong>1. Cookies essentiels<\/strong><\/p>\n<p>Les cookies essentiels sont des cookies qui sont n\u00e9cessaires au fonctionnement d&#8217;un site web. Ils permettent le fonctionnement de fonctions de base telles que la navigation dans les pages, la s\u00e9curit\u00e9 et le temps de chargement.<\/p>\n<p><strong>2. Cookies fonctionnels<\/strong><\/p>\n<p>Les cookies fonctionnels sont des cookies qui stockent des informations sur vos choix et pr\u00e9f\u00e9rences sur un site web. Par exemple, ils se souviennent de votre choix de langue, de vos donn\u00e9es de connexion ou de la r\u00e9gion dans laquelle vous vivez.<\/p>\n<p><strong>3. Cookies analytiques<\/strong><\/p>\n<p>Les cookies analytiques collectent des informations sur le comportement des visiteurs du site web et sur les performances du site web. Les r\u00e9sultats sont utilis\u00e9s pour am\u00e9liorer le site web et offrir aux visiteurs une meilleure exp\u00e9rience utilisateur.<\/p>\n<p><strong>4. Cookies de marketing<\/strong><\/p>\n<p>Les cookies marketing suivent le comportement de navigation des visiteurs du site web et \u00e9tablissent un profil d&#8217;utilisateur sur la base de ce comportement. Ce profil est utilis\u00e9 pour personnaliser l&#8217;exp\u00e9rience de navigation et, par exemple, pour afficher des offres personnalis\u00e9es, des publicit\u00e9s, des bulletins d&#8217;information, etc. qui correspondent \u00e0 vos int\u00e9r\u00eats.<\/p>\n<p>&nbsp;<\/p>\n<p><strong>Quels sont les cookies plac\u00e9s sur notre site web ?<\/strong><\/p>\n<p><strong>Cookies de la premi\u00e8re partie<\/strong><\/p>\n<p>Notarisklerken &#8211; Basoche utilise principalement des cookies de premi\u00e8re partie ou des cookies directs qui servent \u00e0 am\u00e9liorer votre exp\u00e9rience utilisateur sur notre site web. Cela signifie qu&#8217;ils ne collectent des informations que sur notre site web lui-m\u00eame. Ils contr\u00f4lent la partie technique du site web et se souviennent de certains \u00e9l\u00e9ments concernant le visiteur, tels que la langue choisie, la page visit\u00e9e et le temps pass\u00e9 sur le site.<\/p>\n<p><strong>Cookies de tiers<\/strong><\/p>\n<p>Il existe \u00e9galement des tiers avec un nom de domaine diff\u00e9rent qui placent des cookies via le site web des clercs de notaire &#8211; Basoche. Les exemples sont Google et Facebook. Ils suivent le comportement de navigation des utilisateurs et cr\u00e9ent un profil d&#8217;utilisateur sur la base de ces donn\u00e9es.<\/p>\n<p><strong>Parties susceptibles d&#8217;utiliser des cookies<\/strong><\/p>\n<ul>\n<li>Google Analytics, Google Adwords et Google Remarketing: <a href=\"https:\/\/www.google.be\/intl\/nl\/policies\/technologies\/cookies\/\">https:\/\/www.google.be\/intl\/nl\/policies\/technologies\/cookies\/<\/a><\/li>\n<\/ul>\n<p><strong>Comment pouvez-vous d\u00e9sactiver les cookies ?<\/strong><\/p>\n<p>Vous pouvez \u00e9galement d\u00e9sactiver ou supprimer les cookies ou modifier les param\u00e8tres des cookies, mais dans ce cas, notre site web ne pourra plus fonctionner de mani\u00e8re optimale. Voulez-vous modifier vos param\u00e8tres de cookies ? Ensuite, vous pouvez trouver les instructions pour les diff\u00e9rents navigateurs ici :<\/p>\n<ul>\n<li><a href=\"https:\/\/support.mozilla.org\/nl\/kb\/cookies-verwijderen-gegevens-wissen-websites-opgeslagen\">Mozilla Firefox<\/a><\/li>\n<li><a href=\"https:\/\/support.microsoft.com\/nl-nl\/help\/17442\/windows-internet-explorer-delete-manage-cookies\">Internet Explorer<\/a><\/li>\n<li><a href=\"https:\/\/support.google.com\/chrome\/answer\/95647?hl=nl\">Google Chrome<\/a><\/li>\n<li><a href=\"https:\/\/support.apple.com\/nl-nl\/HT201265\">Safari (iOS)<\/a><\/li>\n<li><a href=\"https:\/\/support.apple.com\/kb\/PH21411?locale=nl_NL\">Safari (macOS)<\/a><\/li>\n<li><a href=\"https:\/\/support.microsoft.com\/nl-nl\/help\/10607\/windows-10-view-delete-browser-history-microsoft-edge\">Edge<\/a><\/li>\n<\/ul>\n<p><strong>Modifiabilit\u00e9<\/strong><\/p>\n<p>Nous nous r\u00e9servons le droit de modifier, compl\u00e9ter ou remplacer la pr\u00e9sente politique en mati\u00e8re de cookies de temps \u00e0 autre. Ces modifications, ajouts ou remplacements seront port\u00e9s \u00e0 votre attention par le biais de notre site Web et\/ou de nos services. Si vous n&#8217;\u00eates pas d&#8217;accord avec ces modifications, ajouts ou remplacements, veuillez envoyer un courriel \u00e0 info@notarisklerken-basoche.be. Si nous n&#8217;avons pas re\u00e7u de notification de ces modifications, ajouts ou remplacements dans un d\u00e9lai de trois jours ouvrables apr\u00e8s qu&#8217;ils vous ont \u00e9t\u00e9 communiqu\u00e9s par le biais de notre site Web ou de nos services, vous serez r\u00e9put\u00e9 avoir accept\u00e9 l&#8217;ensemble de ces modifications, ajouts ou remplacements.<\/p>\n<p>Cette politique en mati\u00e8re de cookies a \u00e9t\u00e9 modifi\u00e9e pour la derni\u00e8re fois le 20 janvier 2022.<\/p>\n<p>Traduit avec www.DeepL.com\/Translator (version gratuite)<\/p>\n<p>[\/et_pb_text][\/et_pb_column][\/et_pb_row][\/et_pb_section]<\/p>\n","protected":false},"excerpt":{"rendered":"<p>CookiesQue sont les cookies et pourquoi Notaryklerken &#8211; Basoche les utilise-t-il ? Le site web des clercs de notaire &#8211; Basoche utilise des cookies. Il s&#8217;agit de petits fichiers texte que votre ordinateur stocke lorsque vous utilisez notre site web. Ils cartographient, entre autres, des informations sur votre type de navigateur, votre syst\u00e8me d&#8217;exploitation, votre [&hellip;]<\/p>\n","protected":false},"author":1,"featured_media":0,"parent":0,"menu_order":0,"comment_status":"closed","ping_status":"closed","template":"","meta":{"_et_pb_use_builder":"on","_et_pb_old_content":"","_et_gb_content_width":"","footnotes":""},"class_list":["post-225522","page","type-page","status-publish","hentry"],"yoast_head":"<!-- This site is optimized with the Yoast SEO plugin v27.3 - https:\/\/yoast.com\/product\/yoast-seo-wordpress\/ -->\n<title>Cookies - NotarisKlerken Basoche<\/title>\n<meta name=\"robots\" content=\"index, follow, max-snippet:-1, max-image-preview:large, max-video-preview:-1\" \/>\n<link rel=\"canonical\" href=\"https:\/\/notarisklerken-basoche.be\/fr\/cookies\/\" \/>\n<meta property=\"og:locale\" content=\"fr_FR\" \/>\n<meta property=\"og:type\" content=\"article\" \/>\n<meta property=\"og:title\" content=\"Cookies - NotarisKlerken Basoche\" \/>\n<meta property=\"og:description\" content=\"CookiesQue sont les cookies et pourquoi Notaryklerken - Basoche les utilise-t-il ? Le site web des clercs de notaire - Basoche utilise des cookies. Il s&#039;agit de petits fichiers texte que votre ordinateur stocke lorsque vous utilisez notre site web. Ils cartographient, entre autres, des informations sur votre type de navigateur, votre syst\u00e8me d&#039;exploitation, votre [&hellip;]\" \/>\n<meta property=\"og:url\" content=\"https:\/\/notarisklerken-basoche.be\/fr\/cookies\/\" \/>\n<meta property=\"og:site_name\" content=\"NotarisKlerken Basoche\" \/>\n<meta property=\"article:modified_time\" content=\"2022-07-14T08:01:50+00:00\" \/>\n<meta name=\"twitter:card\" content=\"summary_large_image\" \/>\n<meta name=\"twitter:label1\" content=\"Dur\u00e9e de lecture estim\u00e9e\" \/>\n\t<meta name=\"twitter:data1\" content=\"5 minutes\" \/>\n<script type=\"application\/ld+json\" class=\"yoast-schema-graph\">{\"@context\":\"https:\\\/\\\/schema.org\",\"@graph\":[{\"@type\":\"WebPage\",\"@id\":\"https:\\\/\\\/notarisklerken-basoche.be\\\/fr\\\/cookies\\\/\",\"url\":\"https:\\\/\\\/notarisklerken-basoche.be\\\/fr\\\/cookies\\\/\",\"name\":\"Cookies - NotarisKlerken Basoche\",\"isPartOf\":{\"@id\":\"https:\\\/\\\/notarisklerken-basoche.be\\\/#website\"},\"datePublished\":\"2022-01-20T09:13:52+00:00\",\"dateModified\":\"2022-07-14T08:01:50+00:00\",\"breadcrumb\":{\"@id\":\"https:\\\/\\\/notarisklerken-basoche.be\\\/fr\\\/cookies\\\/#breadcrumb\"},\"inLanguage\":\"fr-FR\",\"potentialAction\":[{\"@type\":\"ReadAction\",\"target\":[\"https:\\\/\\\/notarisklerken-basoche.be\\\/fr\\\/cookies\\\/\"]}]},{\"@type\":\"BreadcrumbList\",\"@id\":\"https:\\\/\\\/notarisklerken-basoche.be\\\/fr\\\/cookies\\\/#breadcrumb\",\"itemListElement\":[{\"@type\":\"ListItem\",\"position\":1,\"name\":\"Home\",\"item\":\"https:\\\/\\\/notarisklerken-basoche.be\\\/fr\\\/\"},{\"@type\":\"ListItem\",\"position\":2,\"name\":\"Cookies\"}]},{\"@type\":\"WebSite\",\"@id\":\"https:\\\/\\\/notarisklerken-basoche.be\\\/#website\",\"url\":\"https:\\\/\\\/notarisklerken-basoche.be\\\/\",\"name\":\"NotarisKlerken Basoche\",\"description\":\"De Nationale Beroepsvereniging van het Notarispersoneel\",\"publisher\":{\"@id\":\"https:\\\/\\\/notarisklerken-basoche.be\\\/#organization\"},\"potentialAction\":[{\"@type\":\"SearchAction\",\"target\":{\"@type\":\"EntryPoint\",\"urlTemplate\":\"https:\\\/\\\/notarisklerken-basoche.be\\\/?s={search_term_string}\"},\"query-input\":{\"@type\":\"PropertyValueSpecification\",\"valueRequired\":true,\"valueName\":\"search_term_string\"}}],\"inLanguage\":\"fr-FR\"},{\"@type\":\"Organization\",\"@id\":\"https:\\\/\\\/notarisklerken-basoche.be\\\/#organization\",\"name\":\"NotarisKlerken Basoche\",\"url\":\"https:\\\/\\\/notarisklerken-basoche.be\\\/\",\"logo\":{\"@type\":\"ImageObject\",\"inLanguage\":\"fr-FR\",\"@id\":\"https:\\\/\\\/notarisklerken-basoche.be\\\/#\\\/schema\\\/logo\\\/image\\\/\",\"url\":\"https:\\\/\\\/notarisklerken-basoche.be\\\/wp-content\\\/uploads\\\/2022\\\/01\\\/notarisklerken-basoche-logo.png\",\"contentUrl\":\"https:\\\/\\\/notarisklerken-basoche.be\\\/wp-content\\\/uploads\\\/2022\\\/01\\\/notarisklerken-basoche-logo.png\",\"width\":336,\"height\":168,\"caption\":\"NotarisKlerken Basoche\"},\"image\":{\"@id\":\"https:\\\/\\\/notarisklerken-basoche.be\\\/#\\\/schema\\\/logo\\\/image\\\/\"}}]}<\/script>\n<!-- \/ Yoast SEO plugin. -->","yoast_head_json":{"title":"Cookies - NotarisKlerken Basoche","robots":{"index":"index","follow":"follow","max-snippet":"max-snippet:-1","max-image-preview":"max-image-preview:large","max-video-preview":"max-video-preview:-1"},"canonical":"https:\/\/notarisklerken-basoche.be\/fr\/cookies\/","og_locale":"fr_FR","og_type":"article","og_title":"Cookies - NotarisKlerken Basoche","og_description":"CookiesQue sont les cookies et pourquoi Notaryklerken - Basoche les utilise-t-il ? Le site web des clercs de notaire - Basoche utilise des cookies. Il s'agit de petits fichiers texte que votre ordinateur stocke lorsque vous utilisez notre site web. Ils cartographient, entre autres, des informations sur votre type de navigateur, votre syst\u00e8me d'exploitation, votre [&hellip;]","og_url":"https:\/\/notarisklerken-basoche.be\/fr\/cookies\/","og_site_name":"NotarisKlerken Basoche","article_modified_time":"2022-07-14T08:01:50+00:00","twitter_card":"summary_large_image","twitter_misc":{"Dur\u00e9e de lecture estim\u00e9e":"5 minutes"},"schema":{"@context":"https:\/\/schema.org","@graph":[{"@type":"WebPage","@id":"https:\/\/notarisklerken-basoche.be\/fr\/cookies\/","url":"https:\/\/notarisklerken-basoche.be\/fr\/cookies\/","name":"Cookies - NotarisKlerken Basoche","isPartOf":{"@id":"https:\/\/notarisklerken-basoche.be\/#website"},"datePublished":"2022-01-20T09:13:52+00:00","dateModified":"2022-07-14T08:01:50+00:00","breadcrumb":{"@id":"https:\/\/notarisklerken-basoche.be\/fr\/cookies\/#breadcrumb"},"inLanguage":"fr-FR","potentialAction":[{"@type":"ReadAction","target":["https:\/\/notarisklerken-basoche.be\/fr\/cookies\/"]}]},{"@type":"BreadcrumbList","@id":"https:\/\/notarisklerken-basoche.be\/fr\/cookies\/#breadcrumb","itemListElement":[{"@type":"ListItem","position":1,"name":"Home","item":"https:\/\/notarisklerken-basoche.be\/fr\/"},{"@type":"ListItem","position":2,"name":"Cookies"}]},{"@type":"WebSite","@id":"https:\/\/notarisklerken-basoche.be\/#website","url":"https:\/\/notarisklerken-basoche.be\/","name":"NotarisKlerken Basoche","description":"De Nationale Beroepsvereniging van het Notarispersoneel","publisher":{"@id":"https:\/\/notarisklerken-basoche.be\/#organization"},"potentialAction":[{"@type":"SearchAction","target":{"@type":"EntryPoint","urlTemplate":"https:\/\/notarisklerken-basoche.be\/?s={search_term_string}"},"query-input":{"@type":"PropertyValueSpecification","valueRequired":true,"valueName":"search_term_string"}}],"inLanguage":"fr-FR"},{"@type":"Organization","@id":"https:\/\/notarisklerken-basoche.be\/#organization","name":"NotarisKlerken Basoche","url":"https:\/\/notarisklerken-basoche.be\/","logo":{"@type":"ImageObject","inLanguage":"fr-FR","@id":"https:\/\/notarisklerken-basoche.be\/#\/schema\/logo\/image\/","url":"https:\/\/notarisklerken-basoche.be\/wp-content\/uploads\/2022\/01\/notarisklerken-basoche-logo.png","contentUrl":"https:\/\/notarisklerken-basoche.be\/wp-content\/uploads\/2022\/01\/notarisklerken-basoche-logo.png","width":336,"height":168,"caption":"NotarisKlerken Basoche"},"image":{"@id":"https:\/\/notarisklerken-basoche.be\/#\/schema\/logo\/image\/"}}]}},"_links":{"self":[{"href":"https:\/\/notarisklerken-basoche.be\/fr\/wp-json\/wp\/v2\/pages\/225522","targetHints":{"allow":["GET"]}}],"collection":[{"href":"https:\/\/notarisklerken-basoche.be\/fr\/wp-json\/wp\/v2\/pages"}],"about":[{"href":"https:\/\/notarisklerken-basoche.be\/fr\/wp-json\/wp\/v2\/types\/page"}],"author":[{"embeddable":true,"href":"https:\/\/notarisklerken-basoche.be\/fr\/wp-json\/wp\/v2\/users\/1"}],"replies":[{"embeddable":true,"href":"https:\/\/notarisklerken-basoche.be\/fr\/wp-json\/wp\/v2\/comments?post=225522"}],"version-history":[{"count":4,"href":"https:\/\/notarisklerken-basoche.be\/fr\/wp-json\/wp\/v2\/pages\/225522\/revisions"}],"predecessor-version":[{"id":225805,"href":"https:\/\/notarisklerken-basoche.be\/fr\/wp-json\/wp\/v2\/pages\/225522\/revisions\/225805"}],"wp:attachment":[{"href":"https:\/\/notarisklerken-basoche.be\/fr\/wp-json\/wp\/v2\/media?parent=225522"}],"curies":[{"name":"wp","href":"https:\/\/api.w.org\/{rel}","templated":true}]}}