{"id":225634,"date":"2022-01-05T14:02:13","date_gmt":"2022-01-05T13:02:13","guid":{"rendered":"http:\/\/notarisklerken-basochebe.webhosting.be\/over-ons\/"},"modified":"2022-10-06T09:49:55","modified_gmt":"2022-10-06T07:49:55","slug":"over-ons","status":"publish","type":"page","link":"https:\/\/notarisklerken-basoche.be\/fr\/over-ons\/","title":{"rendered":"A propos de nous"},"content":{"rendered":"<p>[et_pb_section fb_built=&#8221;1&#8243; _builder_version=&#8221;4.16&#8243; _module_preset=&#8221;default&#8221; background_color=&#8221;RGBA(255,255,255,0)&#8221; background_enable_image=&#8221;off&#8221; custom_margin=&#8221;120px||120px||false|false&#8221; custom_margin_tablet=&#8221;50px||50px||false|false&#8221; custom_margin_phone=&#8221;50px||50px||true|false&#8221; custom_margin_last_edited=&#8221;on|phone&#8221; custom_padding=&#8221;0px||0px||true|false&#8221; locked=&#8221;off&#8221; global_colors_info=&#8221;{}&#8221;][et_pb_row column_structure=&#8221;3_4,1_4&#8243; custom_padding_last_edited=&#8221;on|desktop&#8221; _builder_version=&#8221;4.16&#8243; _module_preset=&#8221;default&#8221; background_color=&#8221;#FFFFFF&#8221; background_image=&#8221;https:\/\/notarisklerken-basoche.be\/wp-content\/uploads\/notarisklerken-basoche-algemeen.jpg&#8221; parallax=&#8221;on&#8221; width_tablet=&#8221;&#8221; width_phone=&#8221;100%&#8221; width_last_edited=&#8221;on|phone&#8221; custom_margin=&#8221;0px||0px||false|false&#8221; custom_padding=&#8221;50px|50px|50px|50px|false|false&#8221; custom_padding_tablet=&#8221;30px|30px|3px|30px|false|false&#8221; custom_padding_phone=&#8221;30px||30px||false|false&#8221; box_shadow_style=&#8221;preset1&#8243; box_shadow_vertical=&#8221;0px&#8221; box_shadow_blur=&#8221;70px&#8221; box_shadow_color=&#8221;rgba(0,0,0,0.14)&#8221; global_colors_info=&#8221;{}&#8221;][et_pb_column type=&#8221;3_4&#8243; _builder_version=&#8221;4.16&#8243; _module_preset=&#8221;default&#8221; background_color=&#8221;#ffffff&#8221; vertical_offset=&#8221;-114px&#8221; custom_padding=&#8221;50px|50px|50px|50px|false|false&#8221; custom_padding_tablet=&#8221;50px|50px|50px|50px|false|false&#8221; custom_padding_phone=&#8221;50px|30px|50px|30px|false|false&#8221; custom_padding_last_edited=&#8221;on|phone&#8221; global_colors_info=&#8221;{}&#8221;][et_pb_text _builder_version=&#8221;4.18.0&#8243; _module_preset=&#8221;default&#8221; text_font=&#8221;|300|||||||&#8221; header_2_font=&#8221;|300|||||||&#8221; header_2_text_color=&#8221;#4794A2&#8243; background_color=&#8221;RGBA(255,255,255,0)&#8221; hover_enabled=&#8221;0&#8243; locked=&#8221;off&#8221; global_colors_info=&#8221;{}&#8221; sticky_enabled=&#8221;0&#8243;]<\/p>\n<h2 class=\"title col-12\">Historique<\/h2>\n<p><strong>l\u2019 Association Professionnelle des employes du notariat existe depuis le 1er novembre 1911.<\/strong><\/p>\n<p>Il s\u2019agit d\u2019une organisation non syndicale, fond\u00e9e sous la l\u00e9gislation sur les associations professionnelles, et maintenant existante sous la forme d\u2019une asbl, et agr\u00e9\u00e9e comme union professionnelle, conform\u00e9ment \u00e0 l\u2019article 42 \u00a73 du CSA.<\/p>\n<p>Sur le plan national, cette union r\u00e9unit et coordonne les diff\u00e9rentes sections existantes au niveau des provinces et de Bruxelles-Capitale. Ces sections ne furent pas toutes cr\u00e9\u00e9es au m\u00eame moment. Les sections les plus anciennes sont celles de Bruxelles et Antwerpen (1919) suivies de Leuven (plus de 50 ans) et Turnhout.<\/p>\n<p>Le nombre des membres a connu des fluctuations in\u00e9vitables au cours des ann\u00e9es. Notre union n\u2019a pas \u00e9chapp\u00e9 non plus au sentiment individualiste de notre soci\u00e9t\u00e9 actuelle.<\/p>\n<p>Jusqu\u2019\u00e0 la moiti\u00e9 des ann\u00e9es 80 figuraient parmi nos membres aussi bien des collaborateurs \u00ab ordinaires \u00bb que des candidats-notaires (dans l\u2019ancienne acception) et des licenci\u00e9s en droit.<\/p>\n<p>Avec la constitution de l\u2019ALN (association des licenci\u00e9s en notariat), et plus r\u00e9cemment la nouvelle loi sur le notariat, on compte de moins en moins de licenci\u00e9s parmi nos membres. Il y a heureusement des exceptions. Notre Pr\u00e9sident (\u00e9lu lors de l\u2019assembl\u00e9e g\u00e9n\u00e9rale du 24 mai 2014), Vincent VRANCK de la section de Mons, en est la preuve.<\/p>\n<p>Nous esp\u00e9rons que notre nouveau site internet pourra donner un nouvel \u00e9lan \u00e0 notre association professionnelle et que toute personne engag\u00e9e dans le notariat sous contrat d\u2019employ\u00e9 s\u2019affiliera \u00e0 notre union.<\/p>\n<p>Le Bureau de notre union (assurant la gestion journali\u00e8re) profitera de ce moyen de communication pour informer ses membres d\u2019une mani\u00e8re directe et pr\u00e9cise des \u00e9volutions r\u00e9centes sur le plan des acquis sociaux, r\u00e9glementations et autres avantages.<\/p>\n<p>&nbsp;<\/p>\n<h6>Ces informations n\u2019\u00e9tant accessibles qu\u2019aux membres, une affiliation \u00e0 l\u2019aide du bulletin d\u2019inscription disponible \u00e0 la page d\u2019accueil est requise.<\/h6>\n<p>[\/et_pb_text][et_pb_button button_url=&#8221;\/fr\/registreren&#8221; button_text=&#8221;Devenir membre&#8221; _builder_version=&#8221;4.17.3&#8243; _module_preset=&#8221;5bd9036e-8472-4214-bf7d-cecd90f18c70&#8243; global_colors_info=&#8221;{}&#8221;][\/et_pb_button][\/et_pb_column][et_pb_column type=&#8221;1_4&#8243; _builder_version=&#8221;4.16&#8243; _module_preset=&#8221;default&#8221; custom_padding=&#8221;||||false|false&#8221; global_colors_info=&#8221;{}&#8221;][\/et_pb_column][\/et_pb_row][\/et_pb_section][et_pb_section fb_built=&#8221;1&#8243; _builder_version=&#8221;4.16&#8243; _module_preset=&#8221;default&#8221; background_color=&#8221;RGBA(255,255,255,0)&#8221; custom_margin=&#8221;120px||120px||false|false&#8221; custom_margin_tablet=&#8221;50px||50px||false|false&#8221; custom_margin_phone=&#8221;50px||50px||true|false&#8221; custom_margin_last_edited=&#8221;on|phone&#8221; custom_padding=&#8221;0px||0px||true|false&#8221; global_colors_info=&#8221;{}&#8221;][et_pb_row _builder_version=&#8221;4.16&#8243; _module_preset=&#8221;default&#8221; custom_margin=&#8221;0px||0px||false|false&#8221; custom_padding=&#8221;0px||0px||false|false&#8221; global_colors_info=&#8221;{}&#8221;][et_pb_column type=&#8221;4_4&#8243; _builder_version=&#8221;4.16&#8243; _module_preset=&#8221;default&#8221; global_colors_info=&#8221;{}&#8221;][et_pb_text _builder_version=&#8221;4.16&#8243; _module_preset=&#8221;default&#8221; text_text_color=&#8221;#4794A2&#8243; header_2_font=&#8221;|300|||||||&#8221; header_2_text_color=&#8221;#4794A2&#8243; global_colors_info=&#8221;{}&#8221;]<\/p>\n<h2><a href=\"https:\/\/notarisklerken-basoche.be\/fr\/a-propos-de-nous\" class=\"navbar-link \">A propos de nous<\/a><\/h2>\n<p>[\/et_pb_text][\/et_pb_column][\/et_pb_row][et_pb_row column_structure=&#8221;1_2,1_2&#8243; custom_padding_last_edited=&#8221;on|tablet&#8221; _builder_version=&#8221;4.16&#8243; _module_preset=&#8221;default&#8221; background_color=&#8221;#FFFFFF&#8221; background_size=&#8221;initial&#8221; background_position=&#8221;top_left&#8221; background_repeat=&#8221;repeat&#8221; custom_margin=&#8221;0px||0px||false|false&#8221; custom_padding=&#8221;50px|50px|50px|50px|false|false&#8221; custom_padding_tablet=&#8221;30px|30px|3px|30px|false|false&#8221; custom_padding_phone=&#8221;30px|30px|30px|30px|false|false&#8221; box_shadow_style=&#8221;preset1&#8243; box_shadow_vertical=&#8221;0px&#8221; box_shadow_blur=&#8221;70px&#8221; box_shadow_color=&#8221;rgba(0,0,0,0.14)&#8221; global_colors_info=&#8221;{}&#8221;][et_pb_column type=&#8221;1_2&#8243; _builder_version=&#8221;4.16&#8243; _module_preset=&#8221;default&#8221; global_colors_info=&#8221;{}&#8221;][et_pb_text _builder_version=&#8221;4.18.0&#8243; _module_preset=&#8221;default&#8221; text_font=&#8221;|300|||||||&#8221; global_colors_info=&#8221;{}&#8221;]<\/p>\n<p>Fond\u00e9e le 1er novembre 1911<\/p>\n<p>L&#8217;Association nationale professionnelle du personnel notarial est une organisation non syndiqu\u00e9e sous la forme d\u2019une asbl, et agr\u00e9\u00e9e comme union professionnelle, conform\u00e9ment \u00e0 l\u2019article 42 \u00a73 du CSA.<\/p>\n<p>Au niveau national, elle regroupe et coordonne les diff\u00e9rents services qui existent au sein des provinces et de Bruxelles-Capitale.<\/p>\n<p>[\/et_pb_text][\/et_pb_column][et_pb_column type=&#8221;1_2&#8243; _builder_version=&#8221;4.16&#8243; _module_preset=&#8221;default&#8221; global_colors_info=&#8221;{}&#8221;][et_pb_text _builder_version=&#8221;4.18.0&#8243; _module_preset=&#8221;default&#8221; text_font=&#8221;|300|||||||&#8221; hover_enabled=&#8221;0&#8243; global_colors_info=&#8221;{}&#8221; sticky_enabled=&#8221;0&#8243;]<\/p>\n<p>Elle est toujours active pour promouvoir les int\u00e9r\u00eats de tous les employ\u00e9s du notariat<\/p>\n<ul>\n<li>Au niveau moral;<\/li>\n<li>Financi\u00e8rement;<\/li>\n<li>Au niveau professionnel;<\/li>\n<li>Socialement;<\/li>\n<li>En mati\u00e8re d&#8217;information de ses membres;<\/li>\n<li>En termes de soutien aux sections locales;<\/li>\n<\/ul>\n<p>Le secteur notarial est en constante \u00e9volution ; les jeunes (et moins jeunes) employ\u00e9s ont besoin de formation, d&#8217;\u00e9change d&#8217;id\u00e9es et de coop\u00e9ration mutuelle.<\/p>\n<p>l\u2019 Association Professionnelle des employes du notariat est \u00e9galement une plateforme de communication.<br \/>Utilisez-le.<\/p>\n<p>[\/et_pb_text][et_pb_button button_url=&#8221;\/fr\/werking&#8221; button_text=&#8221;Notre op\u00e9ration et qui en b\u00e9n\u00e9ficie?&#8221; _builder_version=&#8221;4.17.3&#8243; _module_preset=&#8221;5bd9036e-8472-4214-bf7d-cecd90f18c70&#8243; global_colors_info=&#8221;{}&#8221;][\/et_pb_button][\/et_pb_column][\/et_pb_row][\/et_pb_section]<\/p>\n","protected":false},"excerpt":{"rendered":"<p>Historique l\u2019 Association Professionnelle des employes du notariat existe depuis le 1er novembre 1911. Il s\u2019agit d\u2019une organisation non syndicale, fond\u00e9e sous la l\u00e9gislation sur les associations professionnelles, et maintenant existante sous la forme d\u2019une asbl, et agr\u00e9\u00e9e comme union professionnelle, conform\u00e9ment \u00e0 l\u2019article 42 \u00a73 du CSA. Sur le plan national, cette union r\u00e9unit [&hellip;]<\/p>\n","protected":false},"author":2,"featured_media":0,"parent":0,"menu_order":0,"comment_status":"closed","ping_status":"closed","template":"","meta":{"_et_pb_use_builder":"on","_et_pb_old_content":"","_et_gb_content_width":"","footnotes":""},"class_list":["post-225634","page","type-page","status-publish","hentry"],"yoast_head":"<!-- This site is optimized with the Yoast SEO plugin v27.3 - https:\/\/yoast.com\/product\/yoast-seo-wordpress\/ -->\n<title>A propos de nous - NotarisKlerken Basoche<\/title>\n<meta name=\"robots\" content=\"index, follow, max-snippet:-1, max-image-preview:large, max-video-preview:-1\" \/>\n<link rel=\"canonical\" href=\"https:\/\/notarisklerken-basoche.be\/over-ons\/\" \/>\n<meta property=\"og:locale\" content=\"fr_FR\" \/>\n<meta property=\"og:type\" content=\"article\" \/>\n<meta property=\"og:title\" content=\"A propos de nous - NotarisKlerken Basoche\" \/>\n<meta property=\"og:description\" content=\"Historique l\u2019 Association Professionnelle des employes du notariat existe depuis le 1er novembre 1911. Il s\u2019agit d\u2019une organisation non syndicale, fond\u00e9e sous la l\u00e9gislation sur les associations professionnelles, et maintenant existante sous la forme d\u2019une asbl, et agr\u00e9\u00e9e comme union professionnelle, conform\u00e9ment \u00e0 l\u2019article 42 \u00a73 du CSA. Sur le plan national, cette union r\u00e9unit [&hellip;]\" \/>\n<meta property=\"og:url\" content=\"https:\/\/notarisklerken-basoche.be\/over-ons\/\" \/>\n<meta property=\"og:site_name\" content=\"NotarisKlerken Basoche\" \/>\n<meta property=\"article:modified_time\" content=\"2022-10-06T07:49:55+00:00\" \/>\n<meta name=\"twitter:card\" content=\"summary_large_image\" \/>\n<meta name=\"twitter:label1\" content=\"Dur\u00e9e de lecture estim\u00e9e\" \/>\n\t<meta name=\"twitter:data1\" content=\"3 minutes\" \/>\n<script type=\"application\/ld+json\" class=\"yoast-schema-graph\">{\"@context\":\"https:\\\/\\\/schema.org\",\"@graph\":[{\"@type\":\"WebPage\",\"@id\":\"https:\\\/\\\/notarisklerken-basoche.be\\\/over-ons\\\/\",\"url\":\"https:\\\/\\\/notarisklerken-basoche.be\\\/over-ons\\\/\",\"name\":\"A propos de nous - NotarisKlerken Basoche\",\"isPartOf\":{\"@id\":\"https:\\\/\\\/notarisklerken-basoche.be\\\/#website\"},\"datePublished\":\"2022-01-05T13:02:13+00:00\",\"dateModified\":\"2022-10-06T07:49:55+00:00\",\"breadcrumb\":{\"@id\":\"https:\\\/\\\/notarisklerken-basoche.be\\\/over-ons\\\/#breadcrumb\"},\"inLanguage\":\"fr-FR\",\"potentialAction\":[{\"@type\":\"ReadAction\",\"target\":[\"https:\\\/\\\/notarisklerken-basoche.be\\\/over-ons\\\/\"]}]},{\"@type\":\"BreadcrumbList\",\"@id\":\"https:\\\/\\\/notarisklerken-basoche.be\\\/over-ons\\\/#breadcrumb\",\"itemListElement\":[{\"@type\":\"ListItem\",\"position\":1,\"name\":\"Home\",\"item\":\"https:\\\/\\\/notarisklerken-basoche.be\\\/fr\\\/\"},{\"@type\":\"ListItem\",\"position\":2,\"name\":\"A propos de nous\"}]},{\"@type\":\"WebSite\",\"@id\":\"https:\\\/\\\/notarisklerken-basoche.be\\\/#website\",\"url\":\"https:\\\/\\\/notarisklerken-basoche.be\\\/\",\"name\":\"NotarisKlerken Basoche\",\"description\":\"De Nationale Beroepsvereniging van het Notarispersoneel\",\"publisher\":{\"@id\":\"https:\\\/\\\/notarisklerken-basoche.be\\\/#organization\"},\"potentialAction\":[{\"@type\":\"SearchAction\",\"target\":{\"@type\":\"EntryPoint\",\"urlTemplate\":\"https:\\\/\\\/notarisklerken-basoche.be\\\/?s={search_term_string}\"},\"query-input\":{\"@type\":\"PropertyValueSpecification\",\"valueRequired\":true,\"valueName\":\"search_term_string\"}}],\"inLanguage\":\"fr-FR\"},{\"@type\":\"Organization\",\"@id\":\"https:\\\/\\\/notarisklerken-basoche.be\\\/#organization\",\"name\":\"NotarisKlerken Basoche\",\"url\":\"https:\\\/\\\/notarisklerken-basoche.be\\\/\",\"logo\":{\"@type\":\"ImageObject\",\"inLanguage\":\"fr-FR\",\"@id\":\"https:\\\/\\\/notarisklerken-basoche.be\\\/#\\\/schema\\\/logo\\\/image\\\/\",\"url\":\"https:\\\/\\\/notarisklerken-basoche.be\\\/wp-content\\\/uploads\\\/2022\\\/01\\\/notarisklerken-basoche-logo.png\",\"contentUrl\":\"https:\\\/\\\/notarisklerken-basoche.be\\\/wp-content\\\/uploads\\\/2022\\\/01\\\/notarisklerken-basoche-logo.png\",\"width\":336,\"height\":168,\"caption\":\"NotarisKlerken Basoche\"},\"image\":{\"@id\":\"https:\\\/\\\/notarisklerken-basoche.be\\\/#\\\/schema\\\/logo\\\/image\\\/\"}}]}<\/script>\n<!-- \/ Yoast SEO plugin. -->","yoast_head_json":{"title":"A propos de nous - NotarisKlerken Basoche","robots":{"index":"index","follow":"follow","max-snippet":"max-snippet:-1","max-image-preview":"max-image-preview:large","max-video-preview":"max-video-preview:-1"},"canonical":"https:\/\/notarisklerken-basoche.be\/over-ons\/","og_locale":"fr_FR","og_type":"article","og_title":"A propos de nous - NotarisKlerken Basoche","og_description":"Historique l\u2019 Association Professionnelle des employes du notariat existe depuis le 1er novembre 1911. Il s\u2019agit d\u2019une organisation non syndicale, fond\u00e9e sous la l\u00e9gislation sur les associations professionnelles, et maintenant existante sous la forme d\u2019une asbl, et agr\u00e9\u00e9e comme union professionnelle, conform\u00e9ment \u00e0 l\u2019article 42 \u00a73 du CSA. Sur le plan national, cette union r\u00e9unit [&hellip;]","og_url":"https:\/\/notarisklerken-basoche.be\/over-ons\/","og_site_name":"NotarisKlerken Basoche","article_modified_time":"2022-10-06T07:49:55+00:00","twitter_card":"summary_large_image","twitter_misc":{"Dur\u00e9e de lecture estim\u00e9e":"3 minutes"},"schema":{"@context":"https:\/\/schema.org","@graph":[{"@type":"WebPage","@id":"https:\/\/notarisklerken-basoche.be\/over-ons\/","url":"https:\/\/notarisklerken-basoche.be\/over-ons\/","name":"A propos de nous - NotarisKlerken Basoche","isPartOf":{"@id":"https:\/\/notarisklerken-basoche.be\/#website"},"datePublished":"2022-01-05T13:02:13+00:00","dateModified":"2022-10-06T07:49:55+00:00","breadcrumb":{"@id":"https:\/\/notarisklerken-basoche.be\/over-ons\/#breadcrumb"},"inLanguage":"fr-FR","potentialAction":[{"@type":"ReadAction","target":["https:\/\/notarisklerken-basoche.be\/over-ons\/"]}]},{"@type":"BreadcrumbList","@id":"https:\/\/notarisklerken-basoche.be\/over-ons\/#breadcrumb","itemListElement":[{"@type":"ListItem","position":1,"name":"Home","item":"https:\/\/notarisklerken-basoche.be\/fr\/"},{"@type":"ListItem","position":2,"name":"A propos de nous"}]},{"@type":"WebSite","@id":"https:\/\/notarisklerken-basoche.be\/#website","url":"https:\/\/notarisklerken-basoche.be\/","name":"NotarisKlerken Basoche","description":"De Nationale Beroepsvereniging van het Notarispersoneel","publisher":{"@id":"https:\/\/notarisklerken-basoche.be\/#organization"},"potentialAction":[{"@type":"SearchAction","target":{"@type":"EntryPoint","urlTemplate":"https:\/\/notarisklerken-basoche.be\/?s={search_term_string}"},"query-input":{"@type":"PropertyValueSpecification","valueRequired":true,"valueName":"search_term_string"}}],"inLanguage":"fr-FR"},{"@type":"Organization","@id":"https:\/\/notarisklerken-basoche.be\/#organization","name":"NotarisKlerken Basoche","url":"https:\/\/notarisklerken-basoche.be\/","logo":{"@type":"ImageObject","inLanguage":"fr-FR","@id":"https:\/\/notarisklerken-basoche.be\/#\/schema\/logo\/image\/","url":"https:\/\/notarisklerken-basoche.be\/wp-content\/uploads\/2022\/01\/notarisklerken-basoche-logo.png","contentUrl":"https:\/\/notarisklerken-basoche.be\/wp-content\/uploads\/2022\/01\/notarisklerken-basoche-logo.png","width":336,"height":168,"caption":"NotarisKlerken Basoche"},"image":{"@id":"https:\/\/notarisklerken-basoche.be\/#\/schema\/logo\/image\/"}}]}},"_links":{"self":[{"href":"https:\/\/notarisklerken-basoche.be\/fr\/wp-json\/wp\/v2\/pages\/225634","targetHints":{"allow":["GET"]}}],"collection":[{"href":"https:\/\/notarisklerken-basoche.be\/fr\/wp-json\/wp\/v2\/pages"}],"about":[{"href":"https:\/\/notarisklerken-basoche.be\/fr\/wp-json\/wp\/v2\/types\/page"}],"author":[{"embeddable":true,"href":"https:\/\/notarisklerken-basoche.be\/fr\/wp-json\/wp\/v2\/users\/2"}],"replies":[{"embeddable":true,"href":"https:\/\/notarisklerken-basoche.be\/fr\/wp-json\/wp\/v2\/comments?post=225634"}],"version-history":[{"count":9,"href":"https:\/\/notarisklerken-basoche.be\/fr\/wp-json\/wp\/v2\/pages\/225634\/revisions"}],"predecessor-version":[{"id":226759,"href":"https:\/\/notarisklerken-basoche.be\/fr\/wp-json\/wp\/v2\/pages\/225634\/revisions\/226759"}],"wp:attachment":[{"href":"https:\/\/notarisklerken-basoche.be\/fr\/wp-json\/wp\/v2\/media?parent=225634"}],"curies":[{"name":"wp","href":"https:\/\/api.w.org\/{rel}","templated":true}]}}