{"id":225641,"date":"2022-01-20T10:03:00","date_gmt":"2022-01-20T09:03:00","guid":{"rendered":"http:\/\/notarisklerken-basochebe.webhosting.be\/privacy\/"},"modified":"2022-07-08T09:14:03","modified_gmt":"2022-07-08T08:14:03","slug":"privacy","status":"publish","type":"page","link":"https:\/\/notarisklerken-basoche.be\/fr\/privacy\/","title":{"rendered":"Privacy"},"content":{"rendered":"<p>[et_pb_section fb_built=&#8221;1&#8243; _builder_version=&#8221;4.16&#8243; background_color=&#8221;RGBA(255,255,255,0)&#8221; custom_margin=&#8221;120px||120px||false|false&#8221; custom_margin_tablet=&#8221;50px||50px||false|false&#8221; custom_margin_phone=&#8221;50px||50px||true|false&#8221; custom_margin_last_edited=&#8221;on|phone&#8221; custom_padding=&#8221;0px||0px||true|false&#8221; global_colors_info=&#8221;{}&#8221;][et_pb_row _builder_version=&#8221;4.16&#8243; _module_preset=&#8221;default&#8221; custom_margin=&#8221;0px||0px||false|false&#8221; custom_padding=&#8221;0px||0px||false|false&#8221; global_colors_info=&#8221;{}&#8221;][et_pb_column type=&#8221;4_4&#8243; _builder_version=&#8221;4.16&#8243; _module_preset=&#8221;default&#8221; global_colors_info=&#8221;{}&#8221;][et_pb_text _builder_version=&#8221;4.17.3&#8243; _module_preset=&#8221;default&#8221; header_font=&#8221;|300|||||||&#8221; header_text_color=&#8221;#4794A2&#8243; hover_enabled=&#8221;0&#8243; global_colors_info=&#8221;{}&#8221; sticky_enabled=&#8221;0&#8243;]<\/p>\n<h1>Privacy Policy<\/h1>\n<p>[\/et_pb_text][\/et_pb_column][\/et_pb_row][et_pb_row custom_padding_last_edited=&#8221;on|tablet&#8221; _builder_version=&#8221;4.16&#8243; background_color=&#8221;#FFFFFF&#8221; background_size=&#8221;initial&#8221; background_position=&#8221;top_left&#8221; background_repeat=&#8221;repeat&#8221; custom_margin=&#8221;0px||0px||false|false&#8221; custom_padding=&#8221;50px|50px|50px|50px|false|false&#8221; custom_padding_tablet=&#8221;30px|30px|3px|30px|false|false&#8221; custom_padding_phone=&#8221;30px|30px|30px|30px|false|false&#8221; box_shadow_style=&#8221;preset1&#8243; box_shadow_vertical=&#8221;0px&#8221; box_shadow_blur=&#8221;70px&#8221; box_shadow_color=&#8221;rgba(0,0,0,0.14)&#8221; global_colors_info=&#8221;{}&#8221;][et_pb_column type=&#8221;4_4&#8243; _builder_version=&#8221;4.16&#8243; custom_padding=&#8221;|||&#8221; global_colors_info=&#8221;{}&#8221; custom_padding__hover=&#8221;|||&#8221;][et_pb_text _builder_version=&#8221;4.17.3&#8243; text_font=&#8221;|300|||||||&#8221; background_size=&#8221;initial&#8221; background_position=&#8221;top_left&#8221; background_repeat=&#8221;repeat&#8221; hover_enabled=&#8221;0&#8243; global_colors_info=&#8221;{}&#8221; sticky_enabled=&#8221;0&#8243;]<\/p>\n<p><main class=\"animated fadeIn\"><\/p>\n<div class=\"container\">\n<p style=\"text-align: center;\"><strong><u>DECLARATION DE CONFIDENTIALITE<\/u><\/strong><\/p>\n<p style=\"text-align: center;\"><strong><u><\/u><\/strong><\/p>\n<p><strong>L&#8217;Union Royale Professionelle du Personnel des Etudes Notariales de Belgique<\/strong>, \u00e9tablie \u00e0 1000 Bruxelles, est responsable du traitement des donn\u00e9es personnelles telles que reprises dans cette d\u00e9claration de confidentialit\u00e9.<\/p>\n<p>L&#8217;assocation &#8220;Union Royale Professionnelle du Personnel des Etudes Notariales de Belgique\u201d s\u2019en tient, dans tous les cas, aux lois et r\u00e8glements applicables, dont le R\u00e8glement G\u00e9n\u00e9ral relatif au traitement des donn\u00e9es \u00e0 caract\u00e8re personnel (r\u00e8glement EU 2016\/679).<\/p>\n<p><strong><u>Donn\u00e9es de contact:<\/u><\/strong><\/p>\n<p>https:\/\/notarisklerken-basoche.be 1000 Bruxelles +32 478 25 48 22.<\/p>\n<p>Hubert Janssens est le responsable en charge de la protection des donn\u00e9es de l&#8217;Union Royale Professionelle du Personnel des Etudes Notariales de Belgique. Il est contactable \u00e0 l&#8217;adresse mail :<span>\u00a0<\/span><a href=\"mailto:hubert.janssens12@gmail.com\">hubert.janssens12@gmail.com<\/a>.<\/p>\n<p><strong><u>A qui s&#8217;adresse cette d\u00e9claration de confidentialit\u00e9 ?<\/u><\/strong><\/p>\n<p>Cette d\u00e9claration de confidentialit\u00e9 concerne tous les membres actuels ou pass\u00e9s, participants \u00e0 nos activit\u00e9s, personnes marquant ou ayant marqu\u00e9 de l&#8217;int\u00e9r\u00eat pour nos activit\u00e9s, services ou produits, clients et prospects, fournisseurs.<\/p>\n<p><strong><u>Donn\u00e9es personnelles que nous traitons<\/u><\/strong><\/p>\n<p>L&#8217;Union Royale Professionelle du Personnel des Etudes Notariales de Belgique traite vos donn\u00e9es personnelles d\u00e8s que vous faites usage de nos services et\/ou parce que vous nous les avez fournis. Ci-dessous vous trouverez un aper\u00e7u des donn\u00e9es personnelles que nous traitons:<\/p>\n<p>&#8211; Pr\u00e9nom et nom de famille \u2013 Genre<br \/>&#8211; Donn\u00e9es d&#8217;adresse<br \/>&#8211; Num\u00e9ro de t\u00e9l\u00e9phone<br \/>&#8211; Adresse mail<br \/>&#8211; Donn\u00e9es personnelles compl\u00e9mentaires que vous nous fournissez par exemple en cr\u00e9ant un profil sur ce site web, par correspondance et\/ou t\u00e9l\u00e9phoniquement \u2013 Donn\u00e9es relatives \u00e0 vos activit\u00e9s sur notre site web.<\/p>\n<p><strong><u>Donn\u00e9es personnelles particuli\u00e8res ou sensibles que nous traitons<\/u><\/strong><\/p>\n<p>Notre site web et\/ou nos services n&#8217;ont pas l&#8217;intention de collecter les donn\u00e9es de visiteurs du site \u00e2g\u00e9s de moins de 16 ans. Si vous \u00eates convaincus que nous avons collect\u00e9 ces informations personnelles au sujet d&#8217;un mineur, prenez contact avec nous via hubert.janssens12@gmail.com, nous supprimerons imm\u00e9diatement les donn\u00e9es suspectes.<\/p>\n<p><strong><u>Dans quel but et sur quelle base traitons-nous les donn\u00e9es personnelles<\/u><\/strong><\/p>\n<p>L&#8217;Union Royale Professionelle du Personnel des Etudes Notariales de Belgique traite vos donn\u00e9es personnelles dans les buts suivants:<\/p>\n<p>&#8211; Le traitement de votre paiement<br \/>&#8211; Envoi de notre newsletter et invitations<br \/>&#8211; Participation aux activit\u00e9s de notre asbl.<br \/>&#8211; Pour vous contacter par t\u00e9l\u00e9phone ou par mail pour pouvoir effectuer nos prestations de service<br \/>&#8211; Pour vous informer des modifications de nos produits et services<br \/>&#8211; Vous permettre de cr\u00e9er un compte<br \/>&#8211; Pour vous d\u00e9livrer nos produits et services<\/p>\n<p>L&#8217;Union Royale Professionelle du Personnel des Etudes Notariales de Belgique traite \u00e9galement les donn\u00e9es personnelles si nous y sommes l\u00e9galement oblig\u00e9s, comme les donn\u00e9es dont nous avons besoin pour satisfaire au prescrit du Minist\u00e8re des Finances.<\/p>\n<p>La prise de photos et images film\u00e9es pendant nos \u00e9v\u00e8nements et activit\u00e9s des membres et personnes marquant de l&#8217;int\u00e9r\u00eat se limitent aux images d&#8217;ambiance ou d&#8217;images non cibl\u00e9es pour lesquelles aucune autorisation n&#8217;est requise selon la l\u00e9gislation relative \u00e0 la protection des donn\u00e9es personnelles. Ces images peuvent \u00eatre utilis\u00e9es pour un reportage et\/ou pour publication sur notre site web.<\/p>\n<p>Les donn\u00e9es collect\u00e9es ne sont utilis\u00e9es que pour les objectifs pour lesquels nous avons re\u00e7u les donn\u00e9es.<\/p>\n<p><strong><u>Fourniture ou non par vous-m\u00eame de vos donn\u00e9es<\/u><\/strong><\/p>\n<p>Les donn\u00e9es mentionn\u00e9es doivent \u00eatre fournies pour pouvoir devenir membre ou pour prendre part aux activit\u00e9s de l&#8217;association.<\/p>\n<p><strong><u>D\u00e9cision automatis\u00e9e<\/u><\/strong><\/p>\n<p>L&#8217;Union Royale Professionelle du Personnel des Etudes Notariales de Belgique ne prend pas de d\u00e9cisions automatis\u00e9es relatives aux affaires qui peuvent avoir des cons\u00e9quences consid\u00e9rables pour les personnes. Cela concerne les d\u00e9cisions prises par les programmes ou syst\u00e8mes informatiques, sans qu&#8217;une personne (par exemple un collaborateur de l&#8217;Union Royale Professionelle du Personnel des Etudes Notariales de Belgique) n&#8217;intervienne. L&#8217;Union Royale Professionelle du Personnel des Etudes Notariales de Belgique utilise des programmes ou syst\u00e8mes informatiques pour informer les notaires et leurs collaborateurs des formations pr\u00e9vues, des modifications l\u00e9gislatives et l\u00e9gislations sociales ayant trait aux mati\u00e8res notariales.<\/p>\n<p><strong><u>Combien de temps conservons-nous vos donn\u00e9es personnelles<\/u><\/strong><\/p>\n<p>L&#8217;Union Royale Professionelle du Personnel des Etudes Notariales de Belgique ne conserve vos donn\u00e9es personnelles que le temps n\u00e9cessaire de r\u00e9aliser les objectifs pour lesquels vos donn\u00e9es personnelles ont \u00e9t\u00e9 collect\u00e9es.<\/p>\n<p><strong><u>Partage des donn\u00e9es personnelles avec des tiers<\/u><\/strong><\/p>\n<p>Nous partageons les donn\u00e9es personnelles avec les partenaires externes suivants\u00a0:<\/p>\n<p>\u00b7 Organisations li\u00e9es au Notariat qui font partie de notre f\u00e9d\u00e9ration\/coupole (la f\u00e9d\u00e9ration\/coupole elle-m\u00eame, les autres associations qui appartiennent \u00e0 la m\u00eame f\u00e9d\u00e9ration\/coupole, \u2026)<br \/>\u00b7 Les services f\u00e9d\u00e9raux (notamment les pouvoirs subsidiants, les instances de s\u00e9curit\u00e9 sociale, \u2026)<\/p>\n<p>Nous prenons les mesures n\u00e9cessaires avec ces partenaires pour garantir la s\u00e9curit\u00e9 de vos donn\u00e9es personnelles et le traitement confidentiel de vos donn\u00e9es.<\/p>\n<p>Nous ne partagerons pas les donn\u00e9es que vous nous avez communiqu\u00e9es \u00e0 d&#8217;autres, \u00e0 moins que ceci ne soit l\u00e9galement obligatoire et admis.<\/p>\n<p>A aucun moment vos donn\u00e9es personnelles ne seront vendues ou lou\u00e9es \u00e0 des tiers. Nous ne communiquerons jamais vos donn\u00e9es personnelles \u00e0 des fins commerciales.<\/p>\n<p>Nous pouvons partager vos donn\u00e9es personnelles avec d&#8217;autres tiers \u00e0 la condition expresse que vous nous en donniez l&#8217;autorisation (\u00e9crite). Vous avez le droit de renoncer \u00e0 cette autorisation \u00e0 tout moment, sans que cela ne se fasse au d\u00e9triment du traitement pr\u00e9alable \u00e0 votre renonciation.<\/p>\n<p>Nous ne communiquons aucune donn\u00e9e personnelle \u00e0 des tiers ne faisant pas partie de l&#8217;Espace Economique Europ\u00e9en.<\/p>\n<p><strong><u>S\u00e9curisation des donn\u00e9es<\/u><\/strong><\/p>\n<p>Nous avons pris les mesures techniques et organisationelles appropri\u00e9es afin d&#8217;emp\u00eacher l&#8217;acc\u00e8s, l&#8217;utilisation, la perte ou la divulgation de vos donn\u00e9es personnelles. Nous avons pris les mesures suivantes sans que cette liste ne soit exhaustive.<\/p>\n<p>\u00b7 Toutes les personnes qui au nom de l&#8217;association doivent prendre connaissance de vos donn\u00e9es sont tenues de les garder secr\u00e8tes.<br \/>\u00b7 Nous faisons usage d&#8217;un nom d&#8217;utilisateur et d&#8217;une politique relative au mot de passe sur tous nos syst\u00e8mes;<br \/>\u00b7 Nous utilisons un anti-virus, un pare-feu mis \u00e0 jour de mani\u00e8re syst\u00e9matique.<br \/>\u00b7 Nous faisons des back-ups syst\u00e9matiques des donn\u00e9es personnelles afin de pouvoir les r\u00e9cup\u00e9rer lors d&#8217;incidents physiques ou techniques;<br \/>\u00b7 Nous testons et \u00e9valuons r\u00e9guli\u00e8rement nos mesures, et les compl\u00e9tons si n\u00e9cessaire;<br \/>\u00b7 Nos collaborateurs sont inform\u00e9s de l&#8217;importance de la protection des donn\u00e9es personnelles. Ils re\u00e7oivent \u00e0 cet effet des directives claires et sont conscientis\u00e9s r\u00e9guli\u00e8rement des implications et de leur responsabilit\u00e9.<br \/>\u00b7 L&#8217;acc\u00e8s \u00e0 vos donn\u00e9es personnelles ne sont accord\u00e9es \u00e0 ces collaborateurs que pour autant qu&#8217;ils aient besoin de ces informations pour effectuer d\u00fbment leurs t\u00e2ches.<br \/>\u00b7 Pour des nouveaux projets qui auraient peut-\u00eatre un impact sur votre vie priv\u00e9e, une analyse approfondie est effectu\u00e9e afin de garantir vos droits, la s\u00e9curit\u00e9 et la protection de vos donn\u00e9es personnelles.<\/p>\n<p>Si un incident devait se produire dans lequel vos donn\u00e9es personnelles sont impliqu\u00e9es, vous serez personnellement inform\u00e9 conform\u00e9ment au prescrit de la loi.<\/p>\n<p>Si vous avez l&#8217;impression que vos donn\u00e9es personnelles ne sont pas bien prot\u00e9g\u00e9es ou qu&#8217;il y a des indications d&#8217;abus, prenez contact avec notre webmaster ou via hubert.janssens12@gmail.com.<\/p>\n<p><strong><u>Cookies ou techniques semblables que nous utilisons<\/u><\/strong><\/p>\n<p>L&#8217;Union Royale Professionelle du Personnel des Etudes Notariales de Belgique utilise des cookies fonctionnels, analytiques et de tra\u00e7age. Un cookie est un petit fichier texte qui est sauvegard\u00e9 dans le navigateur votre ordinateur, tablette ou smartphone lors de votre premi\u00e8re visite sur ce site web. L&#8217;Union Royale Professionelle du Personnel des Etudes Notariales de Belgique n&#8217;utilise les cookies que dans une fonctionnalit\u00e9 purement technique. Ces cookies assurent le fonctionnement de notre site web afin que vos pr\u00e9f\u00e9rences soient enregistr\u00e9es. Ces cookies sont \u00e9galement utilis\u00e9s pour assurer le bon fonctionnement du site et l&#8217;optimaliser. De plus, nous pla\u00e7ons des cookies qui m\u00e9morisent vos habitudes de navigation de telle sorte que nous puissions offrir un contenu et des informations sur mesure. Lors de votre premi\u00e8re visite sur notre site, vous avez \u00e9t\u00e9 inform\u00e9s sur ces cookies et nous vous avons demand\u00e9 l&#8217;autorisation pour l&#8217;utilisation de ceux-ci. Vous pouvez supprimer ces cookies en configurant votre navigateur de telle sorte que celui-ci n&#8217;enregistre plus aucun cookies. De pluss, il vous est possible de supprimer toute l&#8217;information d\u00e9j\u00e0 enregistr\u00e9e dans les param\u00e8tres de votre navigateur. Pour plus d&#8217;explications voir:<\/p>\n<p>https:\/\/support.google.com\/accounts\/answer\/61416?co=GENIE.Platform%3DDesktop&#038;hl=fr.<\/p>\n<p>Sur ce site, des cookies sont \u00e9galement plac\u00e9s par des tiers. Ce sont par exemple les annonceurs et\/ou les soci\u00e9t\u00e9s de m\u00e9dias sociaux.<\/p>\n<p><strong><u>Consulter, adapter ou supprimer les donn\u00e9es personnelles<\/u><\/strong><\/p>\n<p>Vous avez le droit de consulter, corriger ou supprimer vos donn\u00e9es personnelles. Vous avez \u00e9galement le droit de renoncer \u00e0 votre autorisation de traitement de vos donn\u00e9es personnelles ou \u00e9mettre une objection contre le traiement de vos donn\u00e9es personnelles par l&#8217;Union Royale Professionelle du Personnel des Etudes Notariales de Belgique et vous avez le droit de portabilit\u00e9 de ces donn\u00e9es. Cela signifie que vous pouvez nous demander que vos donn\u00e9es personnelles vous soient transf\u00e9r\u00e9es dans un fichier adress\u00e9 \u00e0 vous-m\u00eame ou \u00e0 une autre organisation (\u00e0 nous indiquer). Vous pouvez nous adresser une demande aux fins de consultation, correction, suppression ou portabilit\u00e9 ou une demande de renonciation de votre autorisation ou objection sur le traiement de vos donn\u00e9es personnelles \u00e0 l&#8217;adresse hubert.janssens12@gmail.com en joignant une preuve de votre identit\u00e9. Ajoutez dans ce fichier une photo d&#8217;identit\u00e9, MRZ (machine readable zone, la bande avec les num\u00e9ros au dessous de votre passeport ou carte d&#8217;identit\u00e9), num\u00e9ro de passeport et num\u00e9ro de registre national. Ceci aux fins de protection de votre vie priv\u00e9e. Nous r\u00e9agirons le plus rapidement possible, dans les quatre semaines de votre demande.<\/p>\n<p><strong><u>Plaintes<\/u><\/strong><\/p>\n<p>Si vous avez une plainte \u00e0 \u00e9mettre concernant le traitement de vos donn\u00e9es personnelles ou sur l&#8217;exercice de vos droits, nous vous prions de prendre directement contact avec nous.<\/p>\n<p>Vous avez en tous temps le droit d&#8217;introduire une plainte aupr\u00e8s des autorit\u00e9s de contr\u00f4le relatives \u00e0 la protection de la vie priv\u00e9e. Cela peut se faire via le lien suivant:<\/p>\n<p>https:\/\/autoriteprotectiondonnees.be\/citoyen\/agir\/introduire-une-plainte<\/p>\n<p>Autorit\u00e9 de protection des donn\u00e9es<br \/>rue de la Presse 35,<br \/>1000 Bruxelles<span>\u00a0<\/span><a href=\"mailto:agd-gda@privacycommission.be\">agd-gda@privacycommission.be<\/a><\/p>\n<p><strong><u>Modifications \u00e0 notre d\u00e9claration de confidentialit\u00e9<\/u><\/strong><\/p>\n<p>L&#8217;Union Royale Professionelle du Personnel des Etudes Notariales de Belgique peut \u00e0 tout moment adapter sa d\u00e9claration de confidentialit\u00e9. Les modifications pr\u00e9vues seront annonc\u00e9es sur notre site web. Les versions pr\u00e9c\u00e9dentes de notre d\u00e9claration de confidentialit\u00e9 seront conserv\u00e9es dans nos archives.<\/p>\n<p>&nbsp;<\/p>\n<\/div>\n<p><\/main><\/p>\n<footer>\n<div class=\"container-fluid\">\n<div class=\"row footer-image-container\">\n<div class=\"footer-image\"><\/div>\n<\/div>\n<\/div>\n<\/footer>\n<p>[\/et_pb_text][\/et_pb_column][\/et_pb_row][\/et_pb_section]<\/p>\n","protected":false},"excerpt":{"rendered":"<p>Privacy Policy DECLARATION DE CONFIDENTIALITE L&#8217;Union Royale Professionelle du Personnel des Etudes Notariales de Belgique, \u00e9tablie \u00e0 1000 Bruxelles, est responsable du traitement des donn\u00e9es personnelles telles que reprises dans cette d\u00e9claration de confidentialit\u00e9. L&#8217;assocation &#8220;Union Royale Professionnelle du Personnel des Etudes Notariales de Belgique\u201d s\u2019en tient, dans tous les cas, aux lois et r\u00e8glements [&hellip;]<\/p>\n","protected":false},"author":1,"featured_media":0,"parent":0,"menu_order":0,"comment_status":"closed","ping_status":"closed","template":"","meta":{"_et_pb_use_builder":"on","_et_pb_old_content":"","_et_gb_content_width":"","footnotes":""},"class_list":["post-225641","page","type-page","status-publish","hentry"],"yoast_head":"<!-- This site is optimized with the Yoast SEO plugin v27.5 - https:\/\/yoast.com\/product\/yoast-seo-wordpress\/ -->\n<title>Privacy - NotarisKlerken Basoche<\/title>\n<meta name=\"robots\" content=\"index, follow, max-snippet:-1, max-image-preview:large, max-video-preview:-1\" \/>\n<link rel=\"canonical\" href=\"https:\/\/notarisklerken-basoche.be\/fr\/privacy\/\" \/>\n<meta property=\"og:locale\" content=\"fr_FR\" \/>\n<meta property=\"og:type\" content=\"article\" \/>\n<meta property=\"og:title\" content=\"Privacy - NotarisKlerken Basoche\" \/>\n<meta property=\"og:description\" content=\"Privacy Policy DECLARATION DE CONFIDENTIALITE L&#039;Union Royale Professionelle du Personnel des Etudes Notariales de Belgique, \u00e9tablie \u00e0 1000 Bruxelles, est responsable du traitement des donn\u00e9es personnelles telles que reprises dans cette d\u00e9claration de confidentialit\u00e9. L&#039;assocation &quot;Union Royale Professionnelle du Personnel des Etudes Notariales de Belgique\u201d s\u2019en tient, dans tous les cas, aux lois et r\u00e8glements [&hellip;]\" \/>\n<meta property=\"og:url\" content=\"https:\/\/notarisklerken-basoche.be\/fr\/privacy\/\" \/>\n<meta property=\"og:site_name\" content=\"NotarisKlerken Basoche\" \/>\n<meta property=\"article:modified_time\" content=\"2022-07-08T08:14:03+00:00\" \/>\n<meta name=\"twitter:card\" content=\"summary_large_image\" \/>\n<meta name=\"twitter:label1\" content=\"Dur\u00e9e de lecture estim\u00e9e\" \/>\n\t<meta name=\"twitter:data1\" content=\"10 minutes\" \/>\n<script type=\"application\/ld+json\" class=\"yoast-schema-graph\">{\"@context\":\"https:\\\/\\\/schema.org\",\"@graph\":[{\"@type\":\"WebPage\",\"@id\":\"https:\\\/\\\/notarisklerken-basoche.be\\\/fr\\\/privacy\\\/\",\"url\":\"https:\\\/\\\/notarisklerken-basoche.be\\\/fr\\\/privacy\\\/\",\"name\":\"Privacy - NotarisKlerken Basoche\",\"isPartOf\":{\"@id\":\"https:\\\/\\\/notarisklerken-basoche.be\\\/#website\"},\"datePublished\":\"2022-01-20T09:03:00+00:00\",\"dateModified\":\"2022-07-08T08:14:03+00:00\",\"breadcrumb\":{\"@id\":\"https:\\\/\\\/notarisklerken-basoche.be\\\/fr\\\/privacy\\\/#breadcrumb\"},\"inLanguage\":\"fr-FR\",\"potentialAction\":[{\"@type\":\"ReadAction\",\"target\":[\"https:\\\/\\\/notarisklerken-basoche.be\\\/fr\\\/privacy\\\/\"]}]},{\"@type\":\"BreadcrumbList\",\"@id\":\"https:\\\/\\\/notarisklerken-basoche.be\\\/fr\\\/privacy\\\/#breadcrumb\",\"itemListElement\":[{\"@type\":\"ListItem\",\"position\":1,\"name\":\"Home\",\"item\":\"https:\\\/\\\/notarisklerken-basoche.be\\\/fr\\\/\"},{\"@type\":\"ListItem\",\"position\":2,\"name\":\"Privacy\"}]},{\"@type\":\"WebSite\",\"@id\":\"https:\\\/\\\/notarisklerken-basoche.be\\\/#website\",\"url\":\"https:\\\/\\\/notarisklerken-basoche.be\\\/\",\"name\":\"NotarisKlerken Basoche\",\"description\":\"De Nationale Beroepsvereniging van het Notarispersoneel\",\"publisher\":{\"@id\":\"https:\\\/\\\/notarisklerken-basoche.be\\\/#organization\"},\"potentialAction\":[{\"@type\":\"SearchAction\",\"target\":{\"@type\":\"EntryPoint\",\"urlTemplate\":\"https:\\\/\\\/notarisklerken-basoche.be\\\/?s={search_term_string}\"},\"query-input\":{\"@type\":\"PropertyValueSpecification\",\"valueRequired\":true,\"valueName\":\"search_term_string\"}}],\"inLanguage\":\"fr-FR\"},{\"@type\":\"Organization\",\"@id\":\"https:\\\/\\\/notarisklerken-basoche.be\\\/#organization\",\"name\":\"NotarisKlerken Basoche\",\"url\":\"https:\\\/\\\/notarisklerken-basoche.be\\\/\",\"logo\":{\"@type\":\"ImageObject\",\"inLanguage\":\"fr-FR\",\"@id\":\"https:\\\/\\\/notarisklerken-basoche.be\\\/#\\\/schema\\\/logo\\\/image\\\/\",\"url\":\"https:\\\/\\\/notarisklerken-basoche.be\\\/wp-content\\\/uploads\\\/2022\\\/01\\\/notarisklerken-basoche-logo.png\",\"contentUrl\":\"https:\\\/\\\/notarisklerken-basoche.be\\\/wp-content\\\/uploads\\\/2022\\\/01\\\/notarisklerken-basoche-logo.png\",\"width\":336,\"height\":168,\"caption\":\"NotarisKlerken Basoche\"},\"image\":{\"@id\":\"https:\\\/\\\/notarisklerken-basoche.be\\\/#\\\/schema\\\/logo\\\/image\\\/\"}}]}<\/script>\n<!-- \/ Yoast SEO plugin. -->","yoast_head_json":{"title":"Privacy - NotarisKlerken Basoche","robots":{"index":"index","follow":"follow","max-snippet":"max-snippet:-1","max-image-preview":"max-image-preview:large","max-video-preview":"max-video-preview:-1"},"canonical":"https:\/\/notarisklerken-basoche.be\/fr\/privacy\/","og_locale":"fr_FR","og_type":"article","og_title":"Privacy - NotarisKlerken Basoche","og_description":"Privacy Policy DECLARATION DE CONFIDENTIALITE L'Union Royale Professionelle du Personnel des Etudes Notariales de Belgique, \u00e9tablie \u00e0 1000 Bruxelles, est responsable du traitement des donn\u00e9es personnelles telles que reprises dans cette d\u00e9claration de confidentialit\u00e9. L'assocation \"Union Royale Professionnelle du Personnel des Etudes Notariales de Belgique\u201d s\u2019en tient, dans tous les cas, aux lois et r\u00e8glements [&hellip;]","og_url":"https:\/\/notarisklerken-basoche.be\/fr\/privacy\/","og_site_name":"NotarisKlerken Basoche","article_modified_time":"2022-07-08T08:14:03+00:00","twitter_card":"summary_large_image","twitter_misc":{"Dur\u00e9e de lecture estim\u00e9e":"10 minutes"},"schema":{"@context":"https:\/\/schema.org","@graph":[{"@type":"WebPage","@id":"https:\/\/notarisklerken-basoche.be\/fr\/privacy\/","url":"https:\/\/notarisklerken-basoche.be\/fr\/privacy\/","name":"Privacy - NotarisKlerken Basoche","isPartOf":{"@id":"https:\/\/notarisklerken-basoche.be\/#website"},"datePublished":"2022-01-20T09:03:00+00:00","dateModified":"2022-07-08T08:14:03+00:00","breadcrumb":{"@id":"https:\/\/notarisklerken-basoche.be\/fr\/privacy\/#breadcrumb"},"inLanguage":"fr-FR","potentialAction":[{"@type":"ReadAction","target":["https:\/\/notarisklerken-basoche.be\/fr\/privacy\/"]}]},{"@type":"BreadcrumbList","@id":"https:\/\/notarisklerken-basoche.be\/fr\/privacy\/#breadcrumb","itemListElement":[{"@type":"ListItem","position":1,"name":"Home","item":"https:\/\/notarisklerken-basoche.be\/fr\/"},{"@type":"ListItem","position":2,"name":"Privacy"}]},{"@type":"WebSite","@id":"https:\/\/notarisklerken-basoche.be\/#website","url":"https:\/\/notarisklerken-basoche.be\/","name":"NotarisKlerken Basoche","description":"De Nationale Beroepsvereniging van het Notarispersoneel","publisher":{"@id":"https:\/\/notarisklerken-basoche.be\/#organization"},"potentialAction":[{"@type":"SearchAction","target":{"@type":"EntryPoint","urlTemplate":"https:\/\/notarisklerken-basoche.be\/?s={search_term_string}"},"query-input":{"@type":"PropertyValueSpecification","valueRequired":true,"valueName":"search_term_string"}}],"inLanguage":"fr-FR"},{"@type":"Organization","@id":"https:\/\/notarisklerken-basoche.be\/#organization","name":"NotarisKlerken Basoche","url":"https:\/\/notarisklerken-basoche.be\/","logo":{"@type":"ImageObject","inLanguage":"fr-FR","@id":"https:\/\/notarisklerken-basoche.be\/#\/schema\/logo\/image\/","url":"https:\/\/notarisklerken-basoche.be\/wp-content\/uploads\/2022\/01\/notarisklerken-basoche-logo.png","contentUrl":"https:\/\/notarisklerken-basoche.be\/wp-content\/uploads\/2022\/01\/notarisklerken-basoche-logo.png","width":336,"height":168,"caption":"NotarisKlerken Basoche"},"image":{"@id":"https:\/\/notarisklerken-basoche.be\/#\/schema\/logo\/image\/"}}]}},"_links":{"self":[{"href":"https:\/\/notarisklerken-basoche.be\/fr\/wp-json\/wp\/v2\/pages\/225641","targetHints":{"allow":["GET"]}}],"collection":[{"href":"https:\/\/notarisklerken-basoche.be\/fr\/wp-json\/wp\/v2\/pages"}],"about":[{"href":"https:\/\/notarisklerken-basoche.be\/fr\/wp-json\/wp\/v2\/types\/page"}],"author":[{"embeddable":true,"href":"https:\/\/notarisklerken-basoche.be\/fr\/wp-json\/wp\/v2\/users\/1"}],"replies":[{"embeddable":true,"href":"https:\/\/notarisklerken-basoche.be\/fr\/wp-json\/wp\/v2\/comments?post=225641"}],"version-history":[{"count":3,"href":"https:\/\/notarisklerken-basoche.be\/fr\/wp-json\/wp\/v2\/pages\/225641\/revisions"}],"predecessor-version":[{"id":225648,"href":"https:\/\/notarisklerken-basoche.be\/fr\/wp-json\/wp\/v2\/pages\/225641\/revisions\/225648"}],"wp:attachment":[{"href":"https:\/\/notarisklerken-basoche.be\/fr\/wp-json\/wp\/v2\/media?parent=225641"}],"curies":[{"name":"wp","href":"https:\/\/api.w.org\/{rel}","templated":true}]}}